{"id":58,"date":"2025-08-28T13:46:31","date_gmt":"2025-08-28T13:46:31","guid":{"rendered":"https:\/\/enzobourre.fr\/?page_id=58"},"modified":"2025-08-29T09:07:24","modified_gmt":"2025-08-29T09:07:24","slug":"nature","status":"publish","type":"page","link":"https:\/\/enzobourre.fr\/index.php\/nature\/","title":{"rendered":"La nature et sa beaut\u00e9"},"content":{"rendered":"\n<p>Petit rappel de qu&rsquo;est ce que la nature <\/p>\n\n\n\n<figure class=\"wp-block-image size-large\"><img loading=\"lazy\" decoding=\"async\" width=\"1024\" height=\"683\" src=\"https:\/\/enzobourre.fr\/wp-content\/uploads\/2025\/08\/sunset-7133867_1920-1024x683.jpg\" alt=\"\" class=\"wp-image-59\" srcset=\"https:\/\/enzobourre.fr\/wp-content\/uploads\/2025\/08\/sunset-7133867_1920-1024x683.jpg 1024w, https:\/\/enzobourre.fr\/wp-content\/uploads\/2025\/08\/sunset-7133867_1920-300x200.jpg 300w, https:\/\/enzobourre.fr\/wp-content\/uploads\/2025\/08\/sunset-7133867_1920-768x512.jpg 768w, https:\/\/enzobourre.fr\/wp-content\/uploads\/2025\/08\/sunset-7133867_1920-1536x1024.jpg 1536w, https:\/\/enzobourre.fr\/wp-content\/uploads\/2025\/08\/sunset-7133867_1920.jpg 1920w\" sizes=\"auto, (max-width: 1024px) 100vw, 1024px\" \/><\/figure>\n\n\n\n<p>La nature, c\u2019est le c\u0153ur vivant de notre plan\u00e8te. Elle nous entoure \u00e0 travers les for\u00eats, les montagnes, les oc\u00e9ans, mais aussi dans les petites choses simples comme une fleur qui \u00e9clot ou le chant d\u2019un oiseau au lever du jour.<\/p>\n\n\n\n<p>Sa beaut\u00e9 r\u00e9side dans sa diversit\u00e9 : des paysages grandioses qui coupent le souffle, mais aussi des d\u00e9tails minuscules qui r\u00e9v\u00e8lent la perfection du vivant. Chaque \u00e9l\u00e9ment de la nature est unique et participe \u00e0 un \u00e9quilibre fragile et pr\u00e9cieux.<\/p>\n\n\n\n<p>Elle nous inspire le calme, la s\u00e9r\u00e9nit\u00e9 et parfois m\u00eame l\u2019\u00e9merveillement. Face \u00e0 un coucher de soleil, au murmure des vagues ou au parfum d\u2019une prairie en fleurs, on se rappelle combien la nature est essentielle \u00e0 notre bien-\u00eatre.<\/p>\n\n\n\n<p>Pr\u00e9server sa beaut\u00e9, c\u2019est pr\u00e9server une partie de nous-m\u00eames, car elle est notre refuge, notre source d\u2019\u00e9nergie et le miroir de la vie dans toute sa splendeur.<\/p>\n\n\n\n<div class=\"wp-block-group is-vertical is-layout-flex wp-container-core-group-is-layout-fe9cc265 wp-block-group-is-layout-flex\">\n<div class=\"wp-block-columns is-layout-flex wp-container-core-columns-is-layout-28f84493 wp-block-columns-is-layout-flex\">\n<div class=\"wp-block-column is-layout-flow wp-block-column-is-layout-flow\" style=\"flex-basis:100%\"><ul class=\"wp-block-latest-posts__list is-grid columns-2 wp-block-latest-posts\"><li><div class=\"wp-block-latest-posts__featured-image\"><img loading=\"lazy\" decoding=\"async\" width=\"853\" height=\"426\" src=\"https:\/\/enzobourre.fr\/wp-content\/uploads\/2025\/08\/dark-fog-forest-mystical-autumn-forest-with-trail-hoia-baciu-forest.jpg\" class=\"attachment-large size-large wp-post-image\" alt=\"\" style=\"\" srcset=\"https:\/\/enzobourre.fr\/wp-content\/uploads\/2025\/08\/dark-fog-forest-mystical-autumn-forest-with-trail-hoia-baciu-forest.jpg 853w, https:\/\/enzobourre.fr\/wp-content\/uploads\/2025\/08\/dark-fog-forest-mystical-autumn-forest-with-trail-hoia-baciu-forest-300x150.jpg 300w, https:\/\/enzobourre.fr\/wp-content\/uploads\/2025\/08\/dark-fog-forest-mystical-autumn-forest-with-trail-hoia-baciu-forest-768x384.jpg 768w\" sizes=\"auto, (max-width: 853px) 100vw, 853px\" \/><\/div><a class=\"wp-block-latest-posts__post-title\" href=\"https:\/\/enzobourre.fr\/index.php\/2025\/08\/29\/la-foret-de-hoya-baciu-le-triangle-des-bermudes-de-la-transylvanie\/\">La For\u00eat de Hoya-Baciu : le triangle des Bermudes de la Transylvanie<\/a><\/li>\n<li><div class=\"wp-block-latest-posts__featured-image\"><img loading=\"lazy\" decoding=\"async\" width=\"1024\" height=\"683\" src=\"https:\/\/enzobourre.fr\/wp-content\/uploads\/2025\/08\/tibet-4025999_1920-1024x683.jpg\" class=\"attachment-large size-large wp-post-image\" alt=\"\" style=\"\" srcset=\"https:\/\/enzobourre.fr\/wp-content\/uploads\/2025\/08\/tibet-4025999_1920-1024x683.jpg 1024w, https:\/\/enzobourre.fr\/wp-content\/uploads\/2025\/08\/tibet-4025999_1920-300x200.jpg 300w, https:\/\/enzobourre.fr\/wp-content\/uploads\/2025\/08\/tibet-4025999_1920-768x512.jpg 768w, https:\/\/enzobourre.fr\/wp-content\/uploads\/2025\/08\/tibet-4025999_1920-1536x1024.jpg 1536w, https:\/\/enzobourre.fr\/wp-content\/uploads\/2025\/08\/tibet-4025999_1920.jpg 1920w\" sizes=\"auto, (max-width: 1024px) 100vw, 1024px\" \/><\/div><a class=\"wp-block-latest-posts__post-title\" href=\"https:\/\/enzobourre.fr\/index.php\/2025\/08\/28\/les-montagnes-gardiennes-majestueuses-de-la-nature\/\">Les montagnes : gardiennes majestueuses de la nature<\/a><\/li>\n<li><div class=\"wp-block-latest-posts__featured-image\"><img loading=\"lazy\" decoding=\"async\" width=\"1024\" height=\"576\" src=\"https:\/\/enzobourre.fr\/wp-content\/uploads\/2025\/08\/waves-3473335_1920-1024x576.jpg\" class=\"attachment-large size-large wp-post-image\" alt=\"\" style=\"\" srcset=\"https:\/\/enzobourre.fr\/wp-content\/uploads\/2025\/08\/waves-3473335_1920-1024x576.jpg 1024w, https:\/\/enzobourre.fr\/wp-content\/uploads\/2025\/08\/waves-3473335_1920-300x169.jpg 300w, https:\/\/enzobourre.fr\/wp-content\/uploads\/2025\/08\/waves-3473335_1920-768x432.jpg 768w, https:\/\/enzobourre.fr\/wp-content\/uploads\/2025\/08\/waves-3473335_1920-1536x864.jpg 1536w, https:\/\/enzobourre.fr\/wp-content\/uploads\/2025\/08\/waves-3473335_1920.jpg 1920w\" sizes=\"auto, (max-width: 1024px) 100vw, 1024px\" \/><\/div><a class=\"wp-block-latest-posts__post-title\" href=\"https:\/\/enzobourre.fr\/index.php\/2025\/08\/28\/leau-source-de-vie-et-tresor-de-la-nature\/\">L\u2019eau : source de vie et tr\u00e9sor de la nature<\/a><\/li>\n<\/ul><\/div>\n<\/div>\n<\/div>\n","protected":false},"excerpt":{"rendered":"<p>Petit rappel de qu&rsquo;est ce que la nature La nature, c\u2019est le c\u0153ur vivant de notre plan\u00e8te. Elle nous entoure \u00e0 travers les for\u00eats, les montagnes, les oc\u00e9ans, mais aussi dans les petites choses simples comme une fleur qui \u00e9clot ou le chant d\u2019un oiseau au lever du jour. Sa beaut\u00e9 r\u00e9side dans sa diversit\u00e9 [&hellip;]<\/p>\n","protected":false},"author":1,"featured_media":0,"parent":0,"menu_order":0,"comment_status":"closed","ping_status":"closed","template":"","meta":{"footnotes":""},"class_list":["post-58","page","type-page","status-publish","hentry"],"_links":{"self":[{"href":"https:\/\/enzobourre.fr\/index.php\/wp-json\/wp\/v2\/pages\/58","targetHints":{"allow":["GET"]}}],"collection":[{"href":"https:\/\/enzobourre.fr\/index.php\/wp-json\/wp\/v2\/pages"}],"about":[{"href":"https:\/\/enzobourre.fr\/index.php\/wp-json\/wp\/v2\/types\/page"}],"author":[{"embeddable":true,"href":"https:\/\/enzobourre.fr\/index.php\/wp-json\/wp\/v2\/users\/1"}],"replies":[{"embeddable":true,"href":"https:\/\/enzobourre.fr\/index.php\/wp-json\/wp\/v2\/comments?post=58"}],"version-history":[{"count":6,"href":"https:\/\/enzobourre.fr\/index.php\/wp-json\/wp\/v2\/pages\/58\/revisions"}],"predecessor-version":[{"id":115,"href":"https:\/\/enzobourre.fr\/index.php\/wp-json\/wp\/v2\/pages\/58\/revisions\/115"}],"wp:attachment":[{"href":"https:\/\/enzobourre.fr\/index.php\/wp-json\/wp\/v2\/media?parent=58"}],"curies":[{"name":"wp","href":"https:\/\/api.w.org\/{rel}","templated":true}]}}