{"id":24,"date":"2025-08-28T13:11:12","date_gmt":"2025-08-28T13:11:12","guid":{"rendered":"https:\/\/enzobourre.fr\/?page_id=24"},"modified":"2025-08-29T09:05:26","modified_gmt":"2025-08-29T09:05:26","slug":"vcance","status":"publish","type":"page","link":"https:\/\/enzobourre.fr\/index.php\/vcance\/","title":{"rendered":"Evadez vous !"},"content":{"rendered":"\n<div class=\"wp-block-columns is-layout-flex wp-container-core-columns-is-layout-28f84493 wp-block-columns-is-layout-flex\">\n<div class=\"wp-block-column is-layout-flow wp-block-column-is-layout-flow\">\n<p class=\"has-text-align-center\">Une envie de vous \u00e9vadez ? Retrouvez ci dessous quelques articles qui vont ferons peut etre changer d&rsquo;avis !<\/p>\n\n\n\n<figure class=\"wp-block-image aligncenter size-large\"><img loading=\"lazy\" decoding=\"async\" width=\"1024\" height=\"678\" src=\"https:\/\/enzobourre.fr\/wp-content\/uploads\/2025\/08\/baltic-sea-4136488_1920-1024x678.jpg\" alt=\"\" class=\"wp-image-37\" srcset=\"https:\/\/enzobourre.fr\/wp-content\/uploads\/2025\/08\/baltic-sea-4136488_1920-1024x678.jpg 1024w, https:\/\/enzobourre.fr\/wp-content\/uploads\/2025\/08\/baltic-sea-4136488_1920-300x199.jpg 300w, https:\/\/enzobourre.fr\/wp-content\/uploads\/2025\/08\/baltic-sea-4136488_1920-768x509.jpg 768w, https:\/\/enzobourre.fr\/wp-content\/uploads\/2025\/08\/baltic-sea-4136488_1920-1536x1018.jpg 1536w, https:\/\/enzobourre.fr\/wp-content\/uploads\/2025\/08\/baltic-sea-4136488_1920.jpg 1920w\" sizes=\"auto, (max-width: 1024px) 100vw, 1024px\" \/><\/figure>\n<\/div>\n<\/div>\n\n\n\n<p class=\"has-text-align-center\">R\u00e9galez vous en \u00e9sp\u00e9rent vous aidez dans vos recherches !<\/p>\n\n\n\n<div class=\"wp-block-columns alignwide are-vertically-aligned-center is-layout-flex wp-container-core-columns-is-layout-28f84493 wp-block-columns-is-layout-flex\">\n<div class=\"wp-block-column is-vertically-aligned-center is-layout-flow wp-block-column-is-layout-flow\"><ul class=\"wp-block-latest-posts__list is-grid columns-4 wp-block-latest-posts\"><li><div class=\"wp-block-latest-posts__featured-image alignleft\"><img loading=\"lazy\" decoding=\"async\" width=\"1024\" height=\"681\" src=\"https:\/\/enzobourre.fr\/wp-content\/uploads\/2025\/08\/madrid-5010803_1920-1-1024x681.jpg\" class=\"attachment-large size-large wp-post-image\" alt=\"\" style=\"\" srcset=\"https:\/\/enzobourre.fr\/wp-content\/uploads\/2025\/08\/madrid-5010803_1920-1-1024x681.jpg 1024w, https:\/\/enzobourre.fr\/wp-content\/uploads\/2025\/08\/madrid-5010803_1920-1-300x200.jpg 300w, https:\/\/enzobourre.fr\/wp-content\/uploads\/2025\/08\/madrid-5010803_1920-1-768x511.jpg 768w, https:\/\/enzobourre.fr\/wp-content\/uploads\/2025\/08\/madrid-5010803_1920-1-1536x1022.jpg 1536w, https:\/\/enzobourre.fr\/wp-content\/uploads\/2025\/08\/madrid-5010803_1920-1.jpg 1920w\" sizes=\"auto, (max-width: 1024px) 100vw, 1024px\" \/><\/div><a class=\"wp-block-latest-posts__post-title\" href=\"https:\/\/enzobourre.fr\/index.php\/2025\/08\/29\/espagne-avec-un-grand-e\/\">Espagne avec un grand E<\/a><\/li>\n<li><div class=\"wp-block-latest-posts__featured-image alignleft\"><img loading=\"lazy\" decoding=\"async\" width=\"1024\" height=\"685\" src=\"https:\/\/enzobourre.fr\/wp-content\/uploads\/2025\/08\/canal-6519196_1920-1024x685.jpg\" class=\"attachment-large size-large wp-post-image\" alt=\"\" style=\"\" srcset=\"https:\/\/enzobourre.fr\/wp-content\/uploads\/2025\/08\/canal-6519196_1920-1024x685.jpg 1024w, https:\/\/enzobourre.fr\/wp-content\/uploads\/2025\/08\/canal-6519196_1920-300x201.jpg 300w, https:\/\/enzobourre.fr\/wp-content\/uploads\/2025\/08\/canal-6519196_1920-768x514.jpg 768w, https:\/\/enzobourre.fr\/wp-content\/uploads\/2025\/08\/canal-6519196_1920-1536x1027.jpg 1536w, https:\/\/enzobourre.fr\/wp-content\/uploads\/2025\/08\/canal-6519196_1920.jpg 1920w\" sizes=\"auto, (max-width: 1024px) 100vw, 1024px\" \/><\/div><a class=\"wp-block-latest-posts__post-title\" href=\"https:\/\/enzobourre.fr\/index.php\/2025\/08\/29\/italie-dans-sa-splendeur\/\">Italie dans sa splendeur !<\/a><\/li>\n<li><div class=\"wp-block-latest-posts__featured-image alignleft\"><img loading=\"lazy\" decoding=\"async\" width=\"1024\" height=\"683\" src=\"https:\/\/enzobourre.fr\/wp-content\/uploads\/2025\/08\/coast-3620146_1920-1024x683.jpg\" class=\"attachment-large size-large wp-post-image\" alt=\"\" style=\"\" srcset=\"https:\/\/enzobourre.fr\/wp-content\/uploads\/2025\/08\/coast-3620146_1920-1024x683.jpg 1024w, https:\/\/enzobourre.fr\/wp-content\/uploads\/2025\/08\/coast-3620146_1920-300x200.jpg 300w, https:\/\/enzobourre.fr\/wp-content\/uploads\/2025\/08\/coast-3620146_1920-768x512.jpg 768w, https:\/\/enzobourre.fr\/wp-content\/uploads\/2025\/08\/coast-3620146_1920-1536x1024.jpg 1536w, https:\/\/enzobourre.fr\/wp-content\/uploads\/2025\/08\/coast-3620146_1920.jpg 1920w\" sizes=\"auto, (max-width: 1024px) 100vw, 1024px\" \/><\/div><a class=\"wp-block-latest-posts__post-title\" href=\"https:\/\/enzobourre.fr\/index.php\/2025\/08\/28\/corse-lile-de-beaute-vous-attend\/\">Corse : l\u2019\u00eele de beaut\u00e9 vous attend<\/a><\/li>\n<li><div class=\"wp-block-latest-posts__featured-image alignleft\"><img loading=\"lazy\" decoding=\"async\" width=\"1024\" height=\"699\" src=\"https:\/\/enzobourre.fr\/wp-content\/uploads\/2025\/08\/santorini-4996846_1920-1024x699.jpg\" class=\"attachment-large size-large wp-post-image\" alt=\"\" style=\"\" srcset=\"https:\/\/enzobourre.fr\/wp-content\/uploads\/2025\/08\/santorini-4996846_1920-1024x699.jpg 1024w, https:\/\/enzobourre.fr\/wp-content\/uploads\/2025\/08\/santorini-4996846_1920-300x205.jpg 300w, https:\/\/enzobourre.fr\/wp-content\/uploads\/2025\/08\/santorini-4996846_1920-768x524.jpg 768w, https:\/\/enzobourre.fr\/wp-content\/uploads\/2025\/08\/santorini-4996846_1920-1536x1049.jpg 1536w, https:\/\/enzobourre.fr\/wp-content\/uploads\/2025\/08\/santorini-4996846_1920.jpg 1920w\" sizes=\"auto, (max-width: 1024px) 100vw, 1024px\" \/><\/div><a class=\"wp-block-latest-posts__post-title\" href=\"https:\/\/enzobourre.fr\/index.php\/2025\/08\/28\/hello-world\/\">Partez \u00e0 la d\u00e9couverte de la Gr\u00e8ce : un voyage entre d\u00e9tente et \u00e9merveillement<\/a><\/li>\n<\/ul>\n\n\n<blockquote class=\"wp-block-quote is-layout-flow wp-block-quote-is-layout-flow\">\n<p class=\"has-text-align-center has-base-color has-text-color has-link-color wp-elements-2d3060d2b8accedd8a7994d5c95f827f\">\u00ab Voyager, c\u2019est oser quitter le connu pour d\u00e9couvrir l\u2019inattendu. \u00bb<\/p>\n<\/blockquote>\n<\/div>\n<\/div>\n\n\n\n<p><\/p>\n","protected":false},"excerpt":{"rendered":"<p>Une envie de vous \u00e9vadez ? Retrouvez ci dessous quelques articles qui vont ferons peut etre changer d&rsquo;avis ! R\u00e9galez vous en \u00e9sp\u00e9rent vous aidez dans vos recherches ! \u00ab Voyager, c\u2019est oser quitter le connu pour d\u00e9couvrir l\u2019inattendu. \u00bb<\/p>\n","protected":false},"author":1,"featured_media":0,"parent":0,"menu_order":0,"comment_status":"closed","ping_status":"closed","template":"","meta":{"footnotes":""},"class_list":["post-24","page","type-page","status-publish","hentry"],"_links":{"self":[{"href":"https:\/\/enzobourre.fr\/index.php\/wp-json\/wp\/v2\/pages\/24","targetHints":{"allow":["GET"]}}],"collection":[{"href":"https:\/\/enzobourre.fr\/index.php\/wp-json\/wp\/v2\/pages"}],"about":[{"href":"https:\/\/enzobourre.fr\/index.php\/wp-json\/wp\/v2\/types\/page"}],"author":[{"embeddable":true,"href":"https:\/\/enzobourre.fr\/index.php\/wp-json\/wp\/v2\/users\/1"}],"replies":[{"embeddable":true,"href":"https:\/\/enzobourre.fr\/index.php\/wp-json\/wp\/v2\/comments?post=24"}],"version-history":[{"count":13,"href":"https:\/\/enzobourre.fr\/index.php\/wp-json\/wp\/v2\/pages\/24\/revisions"}],"predecessor-version":[{"id":114,"href":"https:\/\/enzobourre.fr\/index.php\/wp-json\/wp\/v2\/pages\/24\/revisions\/114"}],"wp:attachment":[{"href":"https:\/\/enzobourre.fr\/index.php\/wp-json\/wp\/v2\/media?parent=24"}],"curies":[{"name":"wp","href":"https:\/\/api.w.org\/{rel}","templated":true}]}}